{"id":791,"date":"2025-11-02T15:13:15","date_gmt":"2025-11-02T13:13:15","guid":{"rendered":"https:\/\/bossfurniture.net\/?post_type=product&#038;p=791"},"modified":"2025-11-14T16:53:19","modified_gmt":"2025-11-14T14:53:19","slug":"luxury-l-shape-sofa-set","status":"publish","type":"product","link":"https:\/\/bossfurniture.net\/pt\/produto\/luxury-l-shape-sofa-set\/","title":{"rendered":"Conjunto de sof\u00e1 de luxo em forma de L"},"content":{"rendered":"<p>Este <strong data-start=\"150\" data-end=\"173\">Sof\u00e1 em forma de L de 390 cm<\/strong> com <strong data-start=\"179\" data-end=\"202\">duas poltronas de 80 cm<\/strong> \u00e9 fabricado a partir de <strong data-start=\"219\" data-end=\"246\">Madeira de faia vermelha romena<\/strong>, garantindo durabilidade e estrutura refinada. A estrutura \u00e9 envolvida por <strong data-start=\"317\" data-end=\"343\">espuma macia de alta densidade<\/strong> para o m\u00e1ximo conforto, e estofos em <strong data-start=\"384\" data-end=\"418\" data-is-only-node=\"\">tecido com tratamento anti-manchas<\/strong> para uma manuten\u00e7\u00e3o sem esfor\u00e7o. Concebida para espa\u00e7os modernos, combina na perfei\u00e7\u00e3o design arrojado, conforto e eleg\u00e2ncia.<\/p>","protected":false},"excerpt":{"rendered":"<p>Um sof\u00e1 de luxo em forma de L feito de madeira de faia vermelha com espuma macia de alta densidade e tecido resistente a manchas - elegante, dur\u00e1vel e confort\u00e1vel.<\/p>","protected":false},"featured_media":234,"comment_status":"open","ping_status":"closed","template":"","meta":[],"product_brand":[],"product_cat":[19],"product_tag":[],"class_list":{"0":"post-791","1":"product","2":"type-product","3":"status-publish","4":"has-post-thumbnail","6":"product_cat-l-shape-sofa","8":"first","9":"instock","10":"shipping-taxable","11":"purchasable","12":"product-type-simple"},"yoast_head":"<!-- This site is optimized with the Yoast SEO plugin v27.4 - https:\/\/yoast.com\/product\/yoast-seo-wordpress\/ -->\n<title>Luxury L-Shape Sofa Set - bossfurniture.net<\/title>\n<meta name=\"robots\" content=\"index, follow, max-snippet:-1, max-image-preview:large, max-video-preview:-1\" \/>\n<link rel=\"canonical\" href=\"https:\/\/bossfurniture.net\/pt\/produto\/luxury-l-shape-sofa-set\/\" \/>\n<meta property=\"og:locale\" content=\"pt_PT\" \/>\n<meta property=\"og:type\" content=\"article\" \/>\n<meta property=\"og:title\" content=\"Luxury L-Shape Sofa Set - bossfurniture.net\" \/>\n<meta property=\"og:description\" content=\"A luxury L-shape sofa made from red beech wood with soft high-density foam and stain-resistant fabric \u2014 stylish, durable, and comfortable.\" \/>\n<meta property=\"og:url\" content=\"https:\/\/bossfurniture.net\/pt\/produto\/luxury-l-shape-sofa-set\/\" \/>\n<meta property=\"og:site_name\" content=\"bossfurniture.net\" \/>\n<meta property=\"article:modified_time\" content=\"2025-11-14T14:53:19+00:00\" \/>\n<meta property=\"og:image\" content=\"https:\/\/bossfurniture.net\/wp-content\/uploads\/2025\/09\/IMG-20250913-WA0149.jpg\" \/>\n\t<meta property=\"og:image:width\" content=\"736\" \/>\n\t<meta property=\"og:image:height\" content=\"981\" \/>\n\t<meta property=\"og:image:type\" content=\"image\/jpeg\" \/>\n<meta name=\"twitter:card\" content=\"summary_large_image\" \/>\n<meta name=\"twitter:label1\" content=\"Tempo estimado de leitura\" \/>\n\t<meta name=\"twitter:data1\" content=\"1 minuto\" \/>\n<script type=\"application\/ld+json\" class=\"yoast-schema-graph\">{\"@context\":\"https:\\\/\\\/schema.org\",\"@graph\":[{\"@type\":\"WebPage\",\"@id\":\"https:\\\/\\\/bossfurniture.net\\\/product\\\/luxury-l-shape-sofa-set\\\/\",\"url\":\"https:\\\/\\\/bossfurniture.net\\\/product\\\/luxury-l-shape-sofa-set\\\/\",\"name\":\"Luxury L-Shape Sofa Set - bossfurniture.net\",\"isPartOf\":{\"@id\":\"https:\\\/\\\/bossfurniture.net\\\/#website\"},\"primaryImageOfPage\":{\"@id\":\"https:\\\/\\\/bossfurniture.net\\\/product\\\/luxury-l-shape-sofa-set\\\/#primaryimage\"},\"image\":{\"@id\":\"https:\\\/\\\/bossfurniture.net\\\/product\\\/luxury-l-shape-sofa-set\\\/#primaryimage\"},\"thumbnailUrl\":\"https:\\\/\\\/bossfurniture.net\\\/wp-content\\\/uploads\\\/2025\\\/09\\\/IMG-20250913-WA0149.jpg\",\"datePublished\":\"2025-11-02T13:13:15+00:00\",\"dateModified\":\"2025-11-14T14:53:19+00:00\",\"breadcrumb\":{\"@id\":\"https:\\\/\\\/bossfurniture.net\\\/product\\\/luxury-l-shape-sofa-set\\\/#breadcrumb\"},\"inLanguage\":\"pt-PT\",\"potentialAction\":[{\"@type\":\"ReadAction\",\"target\":[\"https:\\\/\\\/bossfurniture.net\\\/product\\\/luxury-l-shape-sofa-set\\\/\"]}]},{\"@type\":\"ImageObject\",\"inLanguage\":\"pt-PT\",\"@id\":\"https:\\\/\\\/bossfurniture.net\\\/product\\\/luxury-l-shape-sofa-set\\\/#primaryimage\",\"url\":\"https:\\\/\\\/bossfurniture.net\\\/wp-content\\\/uploads\\\/2025\\\/09\\\/IMG-20250913-WA0149.jpg\",\"contentUrl\":\"https:\\\/\\\/bossfurniture.net\\\/wp-content\\\/uploads\\\/2025\\\/09\\\/IMG-20250913-WA0149.jpg\",\"width\":736,\"height\":981},{\"@type\":\"BreadcrumbList\",\"@id\":\"https:\\\/\\\/bossfurniture.net\\\/product\\\/luxury-l-shape-sofa-set\\\/#breadcrumb\",\"itemListElement\":[{\"@type\":\"ListItem\",\"position\":1,\"name\":\"Home\",\"item\":\"https:\\\/\\\/bossfurniture.net\\\/\"},{\"@type\":\"ListItem\",\"position\":2,\"name\":\"Shop\",\"item\":\"https:\\\/\\\/bossfurniture.net\\\/shop\\\/\"},{\"@type\":\"ListItem\",\"position\":3,\"name\":\"Luxury L-Shape Sofa Set\"}]},{\"@type\":\"WebSite\",\"@id\":\"https:\\\/\\\/bossfurniture.net\\\/#website\",\"url\":\"https:\\\/\\\/bossfurniture.net\\\/\",\"name\":\"bossfurniture.net\",\"description\":\"\",\"potentialAction\":[{\"@type\":\"SearchAction\",\"target\":{\"@type\":\"EntryPoint\",\"urlTemplate\":\"https:\\\/\\\/bossfurniture.net\\\/?s={search_term_string}\"},\"query-input\":{\"@type\":\"PropertyValueSpecification\",\"valueRequired\":true,\"valueName\":\"search_term_string\"}}],\"inLanguage\":\"pt-PT\"}]}<\/script>\n<!-- \/ Yoast SEO plugin. -->","yoast_head_json":{"title":"Luxury L-Shape Sofa Set - bossfurniture.net","robots":{"index":"index","follow":"follow","max-snippet":"max-snippet:-1","max-image-preview":"max-image-preview:large","max-video-preview":"max-video-preview:-1"},"canonical":"https:\/\/bossfurniture.net\/pt\/produto\/luxury-l-shape-sofa-set\/","og_locale":"pt_PT","og_type":"article","og_title":"Luxury L-Shape Sofa Set - bossfurniture.net","og_description":"A luxury L-shape sofa made from red beech wood with soft high-density foam and stain-resistant fabric \u2014 stylish, durable, and comfortable.","og_url":"https:\/\/bossfurniture.net\/pt\/produto\/luxury-l-shape-sofa-set\/","og_site_name":"bossfurniture.net","article_modified_time":"2025-11-14T14:53:19+00:00","og_image":[{"width":736,"height":981,"url":"https:\/\/bossfurniture.net\/wp-content\/uploads\/2025\/09\/IMG-20250913-WA0149.jpg","type":"image\/jpeg"}],"twitter_card":"summary_large_image","twitter_misc":{"Tempo estimado de leitura":"1 minuto"},"schema":{"@context":"https:\/\/schema.org","@graph":[{"@type":"WebPage","@id":"https:\/\/bossfurniture.net\/product\/luxury-l-shape-sofa-set\/","url":"https:\/\/bossfurniture.net\/product\/luxury-l-shape-sofa-set\/","name":"Luxury L-Shape Sofa Set - bossfurniture.net","isPartOf":{"@id":"https:\/\/bossfurniture.net\/#website"},"primaryImageOfPage":{"@id":"https:\/\/bossfurniture.net\/product\/luxury-l-shape-sofa-set\/#primaryimage"},"image":{"@id":"https:\/\/bossfurniture.net\/product\/luxury-l-shape-sofa-set\/#primaryimage"},"thumbnailUrl":"https:\/\/bossfurniture.net\/wp-content\/uploads\/2025\/09\/IMG-20250913-WA0149.jpg","datePublished":"2025-11-02T13:13:15+00:00","dateModified":"2025-11-14T14:53:19+00:00","breadcrumb":{"@id":"https:\/\/bossfurniture.net\/product\/luxury-l-shape-sofa-set\/#breadcrumb"},"inLanguage":"pt-PT","potentialAction":[{"@type":"ReadAction","target":["https:\/\/bossfurniture.net\/product\/luxury-l-shape-sofa-set\/"]}]},{"@type":"ImageObject","inLanguage":"pt-PT","@id":"https:\/\/bossfurniture.net\/product\/luxury-l-shape-sofa-set\/#primaryimage","url":"https:\/\/bossfurniture.net\/wp-content\/uploads\/2025\/09\/IMG-20250913-WA0149.jpg","contentUrl":"https:\/\/bossfurniture.net\/wp-content\/uploads\/2025\/09\/IMG-20250913-WA0149.jpg","width":736,"height":981},{"@type":"BreadcrumbList","@id":"https:\/\/bossfurniture.net\/product\/luxury-l-shape-sofa-set\/#breadcrumb","itemListElement":[{"@type":"ListItem","position":1,"name":"Home","item":"https:\/\/bossfurniture.net\/"},{"@type":"ListItem","position":2,"name":"Shop","item":"https:\/\/bossfurniture.net\/shop\/"},{"@type":"ListItem","position":3,"name":"Luxury L-Shape Sofa Set"}]},{"@type":"WebSite","@id":"https:\/\/bossfurniture.net\/#website","url":"https:\/\/bossfurniture.net\/","name":"bossfurniture.net","description":"","potentialAction":[{"@type":"SearchAction","target":{"@type":"EntryPoint","urlTemplate":"https:\/\/bossfurniture.net\/?s={search_term_string}"},"query-input":{"@type":"PropertyValueSpecification","valueRequired":true,"valueName":"search_term_string"}}],"inLanguage":"pt-PT"}]}},"_links":{"self":[{"href":"https:\/\/bossfurniture.net\/pt\/wp-json\/wp\/v2\/product\/791","targetHints":{"allow":["GET"]}}],"collection":[{"href":"https:\/\/bossfurniture.net\/pt\/wp-json\/wp\/v2\/product"}],"about":[{"href":"https:\/\/bossfurniture.net\/pt\/wp-json\/wp\/v2\/types\/product"}],"replies":[{"embeddable":true,"href":"https:\/\/bossfurniture.net\/pt\/wp-json\/wp\/v2\/comments?post=791"}],"wp:featuredmedia":[{"embeddable":true,"href":"https:\/\/bossfurniture.net\/pt\/wp-json\/wp\/v2\/media\/234"}],"wp:attachment":[{"href":"https:\/\/bossfurniture.net\/pt\/wp-json\/wp\/v2\/media?parent=791"}],"wp:term":[{"taxonomy":"product_brand","embeddable":true,"href":"https:\/\/bossfurniture.net\/pt\/wp-json\/wp\/v2\/product_brand?post=791"},{"taxonomy":"product_cat","embeddable":true,"href":"https:\/\/bossfurniture.net\/pt\/wp-json\/wp\/v2\/product_cat?post=791"},{"taxonomy":"product_tag","embeddable":true,"href":"https:\/\/bossfurniture.net\/pt\/wp-json\/wp\/v2\/product_tag?post=791"}],"curies":[{"name":"wp","href":"https:\/\/api.w.org\/{rel}","templated":true}]}}