{"id":757,"date":"2025-11-02T13:13:54","date_gmt":"2025-11-02T11:13:54","guid":{"rendered":"https:\/\/bossfurniture.net\/?post_type=product&#038;p=757"},"modified":"2025-11-17T15:40:30","modified_gmt":"2025-11-17T13:40:30","slug":"modern-curved-sofa-set","status":"publish","type":"product","link":"https:\/\/bossfurniture.net\/pt\/produto\/modern-curved-sofa-set\/","title":{"rendered":"Conjunto de sof\u00e1 curvo moderno"},"content":{"rendered":"<p>Este conjunto de sala de estar moderno e elegante \u00e9 <strong data-start=\"115\" data-end=\"155\" data-is-only-node=\"\">fabricado em madeira de faia vermelha romena<\/strong>, garantindo durabilidade e resist\u00eancia. Cada pe\u00e7a \u00e9 almofadada com <strong data-start=\"217\" data-end=\"238\">espuma de alta densidade<\/strong> para um conforto excecional e estofados com <strong data-start=\"284\" data-end=\"311\">tecidos tratados de primeira qualidade<\/strong> que resistem \u00e0s manchas e mant\u00eam a sua textura ao longo do tempo.<br data-start=\"366\" data-end=\"369\" \/>O conjunto inclui um <strong data-start=\"388\" data-end=\"414\">Sof\u00e1 de dois lugares de 190 cm<\/strong> e <strong data-start=\"419\" data-end=\"442\">duas poltronas de 90 cm<\/strong>, A gama de produtos da marca \"A\", que combina o design intemporal com o conforto contempor\u00e2neo, cria uma atmosfera acolhedora e elegante para qualquer espa\u00e7o de vida.<\/p>","protected":false},"excerpt":{"rendered":"<article class=\"text-token-text-primary w-full focus:outline-none [--shadow-height:45px] has-data-writing-block:pointer-events-none has-data-writing-block:-mt-(--shadow-height) has-data-writing-block:pt-(--shadow-height) [&amp;:has([data-writing-block])&gt;*]:pointer-events-auto [content-visibility:auto] supports-[content-visibility:auto]:[contain-intrinsic-size:auto_100lvh] scroll-mt-[calc(var(--header-height)+min(200px,max(70px,20svh)))]\" dir=\"auto\" data-turn-id=\"db16d49e-4518-4cda-88d3-35ff16086bea\" data-testid=\"conversation-turn-62\" data-scroll-anchor=\"true\" data-turn=\"assistant\">\n<div class=\"text-base my-auto mx-auto pb-10 [--thread-content-margin:--spacing(4)] thread-sm:[--thread-content-margin:--spacing(6)] thread-lg:[--thread-content-margin:--spacing(16)] px-(--thread-content-margin)\">\n<div class=\"[--thread-content-max-width:40rem] thread-lg:[--thread-content-max-width:48rem] mx-auto max-w-(--thread-content-max-width) flex-1 group\/turn-messages focus-visible:outline-hidden relative flex w-full min-w-0 flex-col agent-turn\">\n<div class=\"flex max-w-full flex-col grow\">\n<div class=\"min-h-8 text-message relative flex w-full flex-col items-end gap-2 text-start break-words whitespace-normal [.text-message+&amp;]:mt-1\" dir=\"auto\" data-message-author-role=\"assistant\" data-message-id=\"01092991-f7ef-4585-9213-90b42908d737\" data-message-model-slug=\"gpt-5\">\n<div class=\"flex w-full flex-col gap-1 empty:hidden first:pt-[1px]\">\n<div class=\"markdown prose dark:prose-invert w-full break-words dark markdown-new-styling\">\n<p data-start=\"560\" data-end=\"699\" data-is-last-node=\"\" data-is-only-node=\"\">Madeira de faia vermelha romena com espuma de alta densidade e tecidos resistentes a n\u00f3doas - conforto moderno e eleg\u00e2ncia duradoura.<\/p>\n<\/div>\n<\/div>\n<\/div>\n<\/div>\n<\/div>\n<\/div>\n<\/article>","protected":false},"featured_media":172,"comment_status":"open","ping_status":"closed","template":"","meta":[],"product_brand":[],"product_cat":[17],"product_tag":[],"class_list":{"0":"post-757","1":"product","2":"type-product","3":"status-publish","4":"has-post-thumbnail","6":"product_cat-living-rooms","8":"first","9":"instock","10":"shipping-taxable","11":"purchasable","12":"product-type-simple"},"yoast_head":"<!-- This site is optimized with the Yoast SEO plugin v27.4 - https:\/\/yoast.com\/product\/yoast-seo-wordpress\/ -->\n<title>Modern Curved Sofa Set - bossfurniture.net<\/title>\n<meta name=\"robots\" content=\"index, follow, max-snippet:-1, max-image-preview:large, max-video-preview:-1\" \/>\n<link rel=\"canonical\" href=\"https:\/\/bossfurniture.net\/pt\/produto\/modern-curved-sofa-set\/\" \/>\n<meta property=\"og:locale\" content=\"pt_PT\" \/>\n<meta property=\"og:type\" content=\"article\" \/>\n<meta property=\"og:title\" content=\"Modern Curved Sofa Set - bossfurniture.net\" \/>\n<meta property=\"og:description\" content=\"Romanian red beech wood with high-density foam and stain-resistant fabrics\u2014modern comfort and lasting elegance.\" \/>\n<meta property=\"og:url\" content=\"https:\/\/bossfurniture.net\/pt\/produto\/modern-curved-sofa-set\/\" \/>\n<meta property=\"og:site_name\" content=\"bossfurniture.net\" \/>\n<meta property=\"article:modified_time\" content=\"2025-11-17T13:40:30+00:00\" \/>\n<meta property=\"og:image\" content=\"https:\/\/bossfurniture.net\/wp-content\/uploads\/2025\/09\/IMG-20250913-WA0118.jpg\" \/>\n\t<meta property=\"og:image:width\" content=\"736\" \/>\n\t<meta property=\"og:image:height\" content=\"920\" \/>\n\t<meta property=\"og:image:type\" content=\"image\/jpeg\" \/>\n<meta name=\"twitter:card\" content=\"summary_large_image\" \/>\n<meta name=\"twitter:label1\" content=\"Tempo estimado de leitura\" \/>\n\t<meta name=\"twitter:data1\" content=\"1 minuto\" \/>\n<script type=\"application\/ld+json\" class=\"yoast-schema-graph\">{\"@context\":\"https:\\\/\\\/schema.org\",\"@graph\":[{\"@type\":\"WebPage\",\"@id\":\"https:\\\/\\\/bossfurniture.net\\\/product\\\/modern-curved-sofa-set\\\/\",\"url\":\"https:\\\/\\\/bossfurniture.net\\\/product\\\/modern-curved-sofa-set\\\/\",\"name\":\"Modern Curved Sofa Set - bossfurniture.net\",\"isPartOf\":{\"@id\":\"https:\\\/\\\/bossfurniture.net\\\/#website\"},\"primaryImageOfPage\":{\"@id\":\"https:\\\/\\\/bossfurniture.net\\\/product\\\/modern-curved-sofa-set\\\/#primaryimage\"},\"image\":{\"@id\":\"https:\\\/\\\/bossfurniture.net\\\/product\\\/modern-curved-sofa-set\\\/#primaryimage\"},\"thumbnailUrl\":\"https:\\\/\\\/bossfurniture.net\\\/wp-content\\\/uploads\\\/2025\\\/09\\\/IMG-20250913-WA0118.jpg\",\"datePublished\":\"2025-11-02T11:13:54+00:00\",\"dateModified\":\"2025-11-17T13:40:30+00:00\",\"breadcrumb\":{\"@id\":\"https:\\\/\\\/bossfurniture.net\\\/product\\\/modern-curved-sofa-set\\\/#breadcrumb\"},\"inLanguage\":\"pt-PT\",\"potentialAction\":[{\"@type\":\"ReadAction\",\"target\":[\"https:\\\/\\\/bossfurniture.net\\\/product\\\/modern-curved-sofa-set\\\/\"]}]},{\"@type\":\"ImageObject\",\"inLanguage\":\"pt-PT\",\"@id\":\"https:\\\/\\\/bossfurniture.net\\\/product\\\/modern-curved-sofa-set\\\/#primaryimage\",\"url\":\"https:\\\/\\\/bossfurniture.net\\\/wp-content\\\/uploads\\\/2025\\\/09\\\/IMG-20250913-WA0118.jpg\",\"contentUrl\":\"https:\\\/\\\/bossfurniture.net\\\/wp-content\\\/uploads\\\/2025\\\/09\\\/IMG-20250913-WA0118.jpg\",\"width\":736,\"height\":920},{\"@type\":\"BreadcrumbList\",\"@id\":\"https:\\\/\\\/bossfurniture.net\\\/product\\\/modern-curved-sofa-set\\\/#breadcrumb\",\"itemListElement\":[{\"@type\":\"ListItem\",\"position\":1,\"name\":\"Home\",\"item\":\"https:\\\/\\\/bossfurniture.net\\\/\"},{\"@type\":\"ListItem\",\"position\":2,\"name\":\"Shop\",\"item\":\"https:\\\/\\\/bossfurniture.net\\\/shop\\\/\"},{\"@type\":\"ListItem\",\"position\":3,\"name\":\"Modern Curved Sofa Set\"}]},{\"@type\":\"WebSite\",\"@id\":\"https:\\\/\\\/bossfurniture.net\\\/#website\",\"url\":\"https:\\\/\\\/bossfurniture.net\\\/\",\"name\":\"bossfurniture.net\",\"description\":\"\",\"potentialAction\":[{\"@type\":\"SearchAction\",\"target\":{\"@type\":\"EntryPoint\",\"urlTemplate\":\"https:\\\/\\\/bossfurniture.net\\\/?s={search_term_string}\"},\"query-input\":{\"@type\":\"PropertyValueSpecification\",\"valueRequired\":true,\"valueName\":\"search_term_string\"}}],\"inLanguage\":\"pt-PT\"}]}<\/script>\n<!-- \/ Yoast SEO plugin. -->","yoast_head_json":{"title":"Modern Curved Sofa Set - bossfurniture.net","robots":{"index":"index","follow":"follow","max-snippet":"max-snippet:-1","max-image-preview":"max-image-preview:large","max-video-preview":"max-video-preview:-1"},"canonical":"https:\/\/bossfurniture.net\/pt\/produto\/modern-curved-sofa-set\/","og_locale":"pt_PT","og_type":"article","og_title":"Modern Curved Sofa Set - bossfurniture.net","og_description":"Romanian red beech wood with high-density foam and stain-resistant fabrics\u2014modern comfort and lasting elegance.","og_url":"https:\/\/bossfurniture.net\/pt\/produto\/modern-curved-sofa-set\/","og_site_name":"bossfurniture.net","article_modified_time":"2025-11-17T13:40:30+00:00","og_image":[{"width":736,"height":920,"url":"https:\/\/bossfurniture.net\/wp-content\/uploads\/2025\/09\/IMG-20250913-WA0118.jpg","type":"image\/jpeg"}],"twitter_card":"summary_large_image","twitter_misc":{"Tempo estimado de leitura":"1 minuto"},"schema":{"@context":"https:\/\/schema.org","@graph":[{"@type":"WebPage","@id":"https:\/\/bossfurniture.net\/product\/modern-curved-sofa-set\/","url":"https:\/\/bossfurniture.net\/product\/modern-curved-sofa-set\/","name":"Modern Curved Sofa Set - bossfurniture.net","isPartOf":{"@id":"https:\/\/bossfurniture.net\/#website"},"primaryImageOfPage":{"@id":"https:\/\/bossfurniture.net\/product\/modern-curved-sofa-set\/#primaryimage"},"image":{"@id":"https:\/\/bossfurniture.net\/product\/modern-curved-sofa-set\/#primaryimage"},"thumbnailUrl":"https:\/\/bossfurniture.net\/wp-content\/uploads\/2025\/09\/IMG-20250913-WA0118.jpg","datePublished":"2025-11-02T11:13:54+00:00","dateModified":"2025-11-17T13:40:30+00:00","breadcrumb":{"@id":"https:\/\/bossfurniture.net\/product\/modern-curved-sofa-set\/#breadcrumb"},"inLanguage":"pt-PT","potentialAction":[{"@type":"ReadAction","target":["https:\/\/bossfurniture.net\/product\/modern-curved-sofa-set\/"]}]},{"@type":"ImageObject","inLanguage":"pt-PT","@id":"https:\/\/bossfurniture.net\/product\/modern-curved-sofa-set\/#primaryimage","url":"https:\/\/bossfurniture.net\/wp-content\/uploads\/2025\/09\/IMG-20250913-WA0118.jpg","contentUrl":"https:\/\/bossfurniture.net\/wp-content\/uploads\/2025\/09\/IMG-20250913-WA0118.jpg","width":736,"height":920},{"@type":"BreadcrumbList","@id":"https:\/\/bossfurniture.net\/product\/modern-curved-sofa-set\/#breadcrumb","itemListElement":[{"@type":"ListItem","position":1,"name":"Home","item":"https:\/\/bossfurniture.net\/"},{"@type":"ListItem","position":2,"name":"Shop","item":"https:\/\/bossfurniture.net\/shop\/"},{"@type":"ListItem","position":3,"name":"Modern Curved Sofa Set"}]},{"@type":"WebSite","@id":"https:\/\/bossfurniture.net\/#website","url":"https:\/\/bossfurniture.net\/","name":"bossfurniture.net","description":"","potentialAction":[{"@type":"SearchAction","target":{"@type":"EntryPoint","urlTemplate":"https:\/\/bossfurniture.net\/?s={search_term_string}"},"query-input":{"@type":"PropertyValueSpecification","valueRequired":true,"valueName":"search_term_string"}}],"inLanguage":"pt-PT"}]}},"_links":{"self":[{"href":"https:\/\/bossfurniture.net\/pt\/wp-json\/wp\/v2\/product\/757","targetHints":{"allow":["GET"]}}],"collection":[{"href":"https:\/\/bossfurniture.net\/pt\/wp-json\/wp\/v2\/product"}],"about":[{"href":"https:\/\/bossfurniture.net\/pt\/wp-json\/wp\/v2\/types\/product"}],"replies":[{"embeddable":true,"href":"https:\/\/bossfurniture.net\/pt\/wp-json\/wp\/v2\/comments?post=757"}],"wp:featuredmedia":[{"embeddable":true,"href":"https:\/\/bossfurniture.net\/pt\/wp-json\/wp\/v2\/media\/172"}],"wp:attachment":[{"href":"https:\/\/bossfurniture.net\/pt\/wp-json\/wp\/v2\/media?parent=757"}],"wp:term":[{"taxonomy":"product_brand","embeddable":true,"href":"https:\/\/bossfurniture.net\/pt\/wp-json\/wp\/v2\/product_brand?post=757"},{"taxonomy":"product_cat","embeddable":true,"href":"https:\/\/bossfurniture.net\/pt\/wp-json\/wp\/v2\/product_cat?post=757"},{"taxonomy":"product_tag","embeddable":true,"href":"https:\/\/bossfurniture.net\/pt\/wp-json\/wp\/v2\/product_tag?post=757"}],"curies":[{"name":"wp","href":"https:\/\/api.w.org\/{rel}","templated":true}]}}